{"id":94,"date":"2019-03-05T19:31:38","date_gmt":"2019-03-05T19:31:38","guid":{"rendered":"https:\/\/koskiteatteri693191260.wordpress.com\/?page_id=94"},"modified":"2026-03-18T13:35:53","modified_gmt":"2026-03-18T11:35:53","slug":"tietoa-meista","status":"publish","type":"page","link":"http:\/\/koskiteatteri.fi\/index.php\/tietoa-meista\/","title":{"rendered":"TIETOA MEIST\u00c4 JA SAAVUTETTAVUUS"},"content":{"rendered":"\n<figure class=\"wp-block-image\"><img loading=\"lazy\" decoding=\"async\" width=\"1600\" height=\"1290\" src=\"https:\/\/koskiteatteri693191260.files.wordpress.com\/2019\/03\/teatterikatsomo2017.jpg\" alt=\"\" class=\"wp-image-95\" srcset=\"http:\/\/koskiteatteri.fi\/wp-content\/uploads\/2019\/03\/teatterikatsomo2017.jpg 1600w, http:\/\/koskiteatteri.fi\/wp-content\/uploads\/2019\/03\/teatterikatsomo2017-300x242.jpg 300w, http:\/\/koskiteatteri.fi\/wp-content\/uploads\/2019\/03\/teatterikatsomo2017-768x619.jpg 768w, http:\/\/koskiteatteri.fi\/wp-content\/uploads\/2019\/03\/teatterikatsomo2017-1024x826.jpg 1024w, http:\/\/koskiteatteri.fi\/wp-content\/uploads\/2019\/03\/teatterikatsomo2017-1568x1264.jpg 1568w\" sizes=\"auto, (max-width: 706px) 89vw, (max-width: 767px) 82vw, 740px\" \/><figcaption class=\"wp-element-caption\">SIURON KOSKI-TEATTERI SIJAITSEE KAUNIISSA SIUROLAISESSA MAISEMASSA KOSKEN HELMASSA<\/figcaption><\/figure>\n\n\n\n<h2 class=\"wp-block-heading\">TIETOA MEIST\u00c4:<\/h2>\n\n\n\n<p>Siuron Koski-Teatteri on 2016 perustettu Siurolainen teatteriryhm\u00e4, jonka esitykset erottuvat edukseen. <\/p>\n\n\n\n<p>Kes\u00e4 2026 on tapahtumaa t\u00e4ynn\u00e4, sill\u00e4 kes\u00e4kuussa rannan valtaa kokoperheen n\u00e4ytelm\u00e4 Havu ja Neulanen. Hein\u00e4kuussa on taasen aikuisempaan makuun suunnattu J\u00e4niksen vuosi. Tervetuloa!<\/p>\n\n\n\n<p><\/p>\n\n\n\n<p>Osoite: <\/p>\n\n\n\n<p>Kuljuntie 1, 37200 SIURO<\/p>\n\n\n\n<p><\/p>\n\n\n\n<p>koskiteatteri(a)gmail.com<\/p>\n\n\n\n<p>N\u00e4ytt\u00e4m\u00f6 sijaitsee Siuron Voimalan takana.<\/p>\n\n\n\n<p>Parkkipaikka sijaitsee Voimalan ymp\u00e4rist\u00f6ss\u00e4, vastap\u00e4isen Er\u00e4ketun edess\u00e4 tai Koski-Baarin parkkialueella.<\/p>\n\n\n\n<p><\/p>\n\n\n\n<h2 class=\"wp-block-heading\">SAAVUTETTAVUUS:<\/h2>\n\n\n\n<p>Siuron Koski-Teatterin esityksiss\u00e4 noudatetaan turvallisemman tilan periaatteita. Jos huomaat h\u00e4irint\u00e4\u00e4 tai sopimatonta k\u00e4yt\u00f6st\u00e4 esityksiss\u00e4, ilmoitathan siit\u00e4 jollekin meist\u00e4.<\/p>\n\n\n\n<p>Koski-Teatterin katsomossa on paikkoja my\u00f6s py\u00f6r\u00e4tuolille. Portaita ei tarvitse kulkea p\u00e4\u00e4st\u00e4kseen alueelle, mutta alue on hieman ep\u00e4tasainen ja m\u00e4kinen. Py\u00f6r\u00e4tuolilla kuitenkin p\u00e4\u00e4see katsomoon. Esteet\u00f6nt\u00e4 WC:t\u00e4 ei ik\u00e4v\u00e4 kyll\u00e4 ole saatavilla, mutta tavallisia bajamajoja l\u00f6ytyy. Avustajat p\u00e4\u00e4sev\u00e4t esityksiin ilmaiseksi.<br>Koska teatteri on rakennettu kosken rantaan, kosken kohina vaikuttaa kuuluvuuteen. Katsomossa ei ole katosta.<br>Lippuvarauksen yhteydess\u00e4 voit antaa lis\u00e4tietoja, jos tarvitset saavutettavuusj\u00e4rjestelyj\u00e4. Pyrimme huomioimaan yksil\u00f6lliset tarpeet mahdollisuuksien mukaan. Jos nousee kysytt\u00e4v\u00e4\u00e4, voit olla meihin yhteydess\u00e4 joko Facebookissa<strong> (Siuron Koski-Teatteri vahvistettu)<\/strong> tai s\u00e4hk\u00f6postilla&nbsp;<strong>koskiteatteri(a)gmail.com<\/strong>, niin autamme mielell\u00e4mme. Tehd\u00e4\u00e4n yhdess\u00e4 teatterista saavutettavaa ja turvallista kaikille.<\/p>\n\n\n\n<h1 class=\"wp-block-heading\"><strong>Edellisvuoden n\u00e4ytelmi\u00e4 ja arvosteluja:<\/strong><\/h1>\n\n\n\n<h2 class=\"wp-block-heading\"><strong>2025 &#8211; Siunattu Hulluus<\/strong><\/h2>\n\n\n\n<blockquote class=\"wp-block-quote is-layout-flow wp-block-quote-is-layout-flow\">\n<p>&#8221;Siuron Koski-Teatterin Siunattu hulluus on nimens\u00e4 veroinen, riemastuttava ja ajattelemaan her\u00e4tt\u00e4v\u00e4 kokemus.&#8221;<\/p>\n\n\n\n<pre class=\"wp-block-verse\">Nokian Uutiset, Jaana Hyyryl\u00e4inen<br><a href=\"https:\/\/www.nokianuutiset.fi\/elamanmeno\/art-2000011317474.html\">https:\/\/www.nokianuutiset.fi\/elamanmeno\/art-2000011317474.html<\/a><\/pre>\n<\/blockquote>\n\n\n\n<h2 class=\"wp-block-heading\"><strong>2024 &#8211; Kes\u00e4y\u00f6n uni<\/strong><\/h2>\n\n\n\n<blockquote class=\"wp-block-quote is-layout-flow wp-block-quote-is-layout-flow\">\n<p>&#8221;Siuron Koski-Teatterin esityst\u00e4 voi katsoa kauniin kes\u00e4illan viihdytt\u00e4v\u00e4n\u00e4 komediana, tai poimia alatekstist\u00e4 vakavampaa, rohkeuteen ja rakkauteen liittyv\u00e4\u00e4 teemaa.&nbsp;<\/p>\n\n\n\n<p>Tiesittek\u00f6, ett\u00e4 suomalaista kes\u00e4teatteria ollaan syksyll\u00e4 esitt\u00e4m\u00e4ss\u00e4 Unescon aineettoman kulttuuriperinn\u00f6n listalle. Kannatan.&#8221;<\/p>\n\n\n\n<pre class=\"wp-block-verse\">Kulttuuritoimitus, Maaret Saarelainen\n<a href=\"https:\/\/kulttuuritoimitus.fi\/artikkelit\/artikkelit-teatteri\/shakespearen-kauniit-ja-rohkeat-kesayon-uni-siuron-koski-teatterissa\/\">https:\/\/kulttuuritoimitus.fi\/artikkelit\/artikkelit-teatteri\/shakespearen-kauniit-ja-rohkeat-kesayon-uni-siuron-koski-teatterissa\/<\/a><\/pre>\n<\/blockquote>\n\n\n\n<h2 class=\"wp-block-heading\"><strong>2023 &#8211; Knut Pitk\u00e4jalka<\/strong><\/h2>\n\n\n\n<blockquote class=\"wp-block-quote is-layout-flow wp-block-quote-is-layout-flow\">\n<p>&#8221;Siuron Koski-Teatterin lastenn\u00e4ytelm\u00e4 h\u00e4mm\u00e4stytt\u00e4\u00e4 ajankohtaisuudellaan ja her\u00e4tt\u00e4\u00e4 n\u00e4kem\u00e4\u00e4n erilaisuuden rikkautena.&#8221;<\/p>\n\n\n\n<pre class=\"wp-block-verse\">Nokian uutiset, Jaana Hyyryl\u00e4inen\n<a href=\"https:\/\/www.nokianuutiset.fi\/elamanmeno\/art-2000009702428.html\">https:\/\/www.nokianuutiset.fi\/elamanmeno\/art-2000008936327.html<\/a><\/pre>\n<\/blockquote>\n\n\n\n<h2 class=\"wp-block-heading\"><strong>2022 &#8211; L\u00f6yt\u00f6el\u00e4intoimisto K\u00e4p\u00e4l\u00e4m\u00e4ki ja kadonneen kes\u00e4kissan tapaus<\/strong><\/h2>\n\n\n\n<blockquote class=\"wp-block-quote is-layout-flow wp-block-quote-is-layout-flow\">\n<p>&#8221;J\u00e4nnityst\u00e4 ja huumoria riitti Siuron Koski-Teatterin ensimm\u00e4isess\u00e4 lastenn\u00e4ytelm\u00e4ss\u00e4, joka ei toivottavasti j\u00e4\u00e4 viimeiseksi.&#8221;<\/p>\n\n\n\n<pre class=\"wp-block-verse\">Nokian uutiset, Anna Eveliina H\u00e4nninen\n<a href=\"https:\/\/www.nokianuutiset.fi\/elamanmeno\/art-2000008936327.html\">https:\/\/www.nokianuutiset.fi\/elamanmeno\/art-2000008936327.html<\/a><\/pre>\n<\/blockquote>\n\n\n\n<h2 class=\"wp-block-heading\"><strong>2021 &amp; 2022 &#8211; \u00d6baut Seitsem\u00e4n Veljest\u00e4<\/strong><\/h2>\n\n\n\n<blockquote class=\"wp-block-quote is-layout-flow wp-block-quote-is-layout-flow\">\n<p>&#8221;Avot, kyll\u00e4 kannatti! Koivusalon ja ohjaaja <strong>Ky\u00f6sti Kallio<\/strong>n sovittama teksti toimii kuin junan vessa. Kiven alkuper\u00e4isteoksesta on mukana toki kaikki oleelliset henkil\u00f6t, tapahtumat ja paikat, mutta lyhennettyn\u00e4, mukailtuna, karrikoituna ja entisest\u00e4\u00e4nkin humoristettuna. Esityksen v\u00e4lill\u00e4 henke\u00e4salpaava tahti tarjoilee niin nauruntyrsk\u00e4hdyksi\u00e4, hihityst\u00e4 kuin hekotustakin. Kiven teksti on kokoajan taustalla punaisena lankana, mutta p\u00e4\u00e4lle on kuorrutettu kaikkea muuta mahdollista paksu kerros&#8230;.Hulvaton esitys ja ihan kes\u00e4teatterien aatelia, taas kerran. Menk\u00e4\u00e4, katsokaa ja tyk\u00e4styk\u00e4\u00e4!&#8221;<\/p>\n<\/blockquote>\n\n\n\n<blockquote class=\"wp-block-quote is-layout-flow wp-block-quote-is-layout-flow\">\n<pre class=\"wp-block-verse\">Katri, Paljon melua teatterista -blogi \n<a href=\"https:\/\/paljonmeluateatterista.blogspot.com\/2021\/07\/obaut-seitseman-veljesta-siuron-koski.html\" target=\"_blank\" rel=\"noreferrer noopener\">https:\/\/paljonmeluateatterista.blogspot.com\/2021\/07\/obaut-seitseman-veljesta-siuron-koski.html<\/a><\/pre>\n\n\n\n<p>&#8221;Nelj\u00e4lle n\u00e4yttelij\u00e4lle kirjoitettu komedia ei tuota koskiteatterilaisille vaikeuksia. Roolit vaihtuvat lennokkaasti, eik\u00e4 voi kuin ihailla n\u00e4yttelij\u00f6iden fyysist\u00e4 tulkintaa eri rooleista&#8221;<\/p>\n\n\n\n<pre class=\"wp-block-verse\">Anne Haapalainen, Nokian Uutiset \n<a href=\"https:\/\/www.nokianuutiset.fi\/elamanmeno\/art-2000008157208.html\" target=\"_blank\" rel=\"noreferrer noopener\">https:\/\/www.nokianuutiset.fi\/elamanmeno\/art-2000008157208.htm<\/a><\/pre>\n<\/blockquote>\n\n\n\n<h2 class=\"wp-block-heading\"><strong>2019 &#8211; Kalenterityt\u00f6t<\/strong><\/h2>\n\n\n\n<blockquote class=\"wp-block-quote is-layout-flow wp-block-quote-is-layout-flow\">\n<p>&#8221;Parasta ovat n\u00e4yttelij\u00e4t. En ryhdy kaikkia luettelemaan, mutta varsinkin t\u00e4ss\u00e4 n\u00e4ytelm\u00e4ss\u00e4 ryhm\u00e4n piti toimia yhteen kuten tarinassakin. Ja n\u00e4in todella tapahtui.&#8221;  <\/p>\n\n\n\n<p><img loading=\"lazy\" decoding=\"async\" width=\"150\" height=\"27\" class=\"wp-image-570\" style=\"width: 150px;\" src=\"http:\/\/koskiteatteri.fi\/wp-content\/uploads\/2022\/03\/5-star-b.png\" alt=\"\" srcset=\"http:\/\/koskiteatteri.fi\/wp-content\/uploads\/2022\/03\/5-star-b.png 467w, http:\/\/koskiteatteri.fi\/wp-content\/uploads\/2022\/03\/5-star-b-300x55.png 300w\" sizes=\"auto, (max-width: 150px) 100vw, 150px\" \/>\/5<\/p>\n<\/blockquote>\n\n\n\n<blockquote class=\"wp-block-quote is-layout-flow wp-block-quote-is-layout-flow\">\n<pre class=\"wp-block-verse\">Jukka L. Savolainen - smackthejack.net\n <a href=\"https:\/\/www.smackthejack.net\/onnigideon\/60535\/\">https:\/\/www.smackthejack.net\/onnigideon\/60535\/<\/a><\/pre>\n\n\n\n<p>\u201dN\u00e4ytelm\u00e4 on l\u00e4mmin tarina yst\u00e4vyydest\u00e4 ja rakkaudesta, joka saa tipan silm\u00e4kulmaan viel\u00e4 sen j\u00e4lkeenkin, kun on j\u00e4tt\u00e4nyt Siuron kauniit maisemat taakseen. Se on nokkela ja koskettava, ja samaan aikaan sek\u00e4 hauska ett\u00e4 surullinen. Mene. Katso. Ja varaudu nauruun ja kyyneliin. Vahva suositus.\u201d<\/p>\n\n\n\n<pre class=\"wp-block-verse\">Jenna Salonen, Nokian Uutiset\n <a href=\"https:\/\/www.nokianuutiset.fi\/uutiset\/art-2000006865527.html\" target=\"_blank\" rel=\"noreferrer noopener\">https:\/\/www.nokianuutiset.fi\/uutiset\/art-2000006865527.html<\/a><\/pre>\n<\/blockquote>\n\n\n\n<blockquote class=\"wp-block-quote is-layout-flow wp-block-quote-is-layout-flow\">\n<p>&#8221;Yleis\u00f6 ulvoo naurusta, ja monen mieless\u00e4 varmaan vilahtaa my\u00f6s ihmetys &#8211; kyll\u00e4 n\u00e4m\u00e4 naiset uskaltavat.&#8221;<\/p>\n\n\n\n<pre class=\"wp-block-verse\">Katri, Paljon melua teatterista-blogi\n<a href=\"https:\/\/paljonmeluateatterista.blogspot.com\/2019\/07\/kalenteritytot-siuron-koski-teatteri.html\" target=\"_blank\" rel=\"noreferrer noopener\">https:\/\/paljonmeluateatterista.blogspot.com\/2019\/07\/kalenteritytot-siuron-koski-teatteri.html<\/a><\/pre>\n<\/blockquote>\n\n\n\n<h2 class=\"wp-block-heading\"><strong>2018 &#8211; Ulvova Myll\u00e4ri<\/strong><\/h2>\n\n\n\n<blockquote class=\"wp-block-quote is-layout-flow wp-block-quote-is-layout-flow\">\n<p>&#8221;Siuron Gunnar ulvoo katsojien syd\u00e4miin ja ajatuksiin.&#8221;<\/p>\n\n\n\n<p><img loading=\"lazy\" decoding=\"async\" width=\"150\" height=\"34\" class=\"wp-image-569\" style=\"width: 150px;\" src=\"http:\/\/koskiteatteri.fi\/wp-content\/uploads\/2022\/03\/4-star-b.png\" alt=\"\" srcset=\"http:\/\/koskiteatteri.fi\/wp-content\/uploads\/2022\/03\/4-star-b.png 372w, http:\/\/koskiteatteri.fi\/wp-content\/uploads\/2022\/03\/4-star-b-300x69.png 300w\" sizes=\"auto, (max-width: 150px) 100vw, 150px\" \/>\/5<\/p>\n\n\n\n<pre class=\"wp-block-verse\">Matti Kuusela - Aamulehti\n<a href=\"https:\/\/www.aamulehti.fi\/teatteri\/art-2000007586099.html\" target=\"_blank\" rel=\"noreferrer noopener\">https:\/\/www.aamulehti.fi\/teatteri\/art-2000007586099.html<\/a><\/pre>\n<\/blockquote>\n\n\n\n<blockquote class=\"wp-block-quote is-layout-flow wp-block-quote-is-layout-flow\">\n<p><\/p>\n\n\n\n<p>&#8221;Ehdottomasti esityskin oli t\u00e4m\u00e4n kauden helmi\u00e4! \u2026 T\u00e4m\u00e4 on suomalaista kes\u00e4teatteriperinnett\u00e4 parhaimmillaan. Ei voi kun toivottaa mit\u00e4 parhainta jatkoa siurolaisille! Jatkossa aion olla paikalla joka kes\u00e4.&#8221;<\/p>\n\n\n\n<pre class=\"wp-block-verse\">Katri, Paljon melua teatterista - blogi \n<a href=\"https:\/\/paljonmeluateatterista.blogspot.com\/2018\/07\/ulvova-myllari-siuron-koski-teatteri.html?m=1&amp;fbclid=IwAR28CmOscv4vI1vmhcNjR-tsCtD1Ixr76iaP-LVidm_CsIVyjoQjQRM1A_w\" target=\"_blank\" rel=\"noreferrer noopener\">https:\/\/paljonmeluateatterista.blogspot.com\/2018\/07\/ulvova-myllari-siuron-koski-teatteri.html<\/a><\/pre>\n<\/blockquote>\n\n\n\n<h2 class=\"wp-block-heading\"><strong>2017 &#8211; Aatamin puvussa ja v\u00e4h\u00e4n Eevankin<\/strong><\/h2>\n\n\n\n<blockquote class=\"wp-block-quote is-layout-flow wp-block-quote-is-layout-flow\">\n<p>&#8221;Se oli rehellist\u00e4 ja tunnelmallista kes\u00e4teatteria, joka osoittaa sen, ett\u00e4 pienill\u00e4 resursseilla saadaan kuitenkin suuren luokan kes\u00e4tunnelmaa.&#8221; <\/p>\n\n\n\n<p> <img loading=\"lazy\" decoding=\"async\" width=\"150\" height=\"34\" class=\"wp-image-569\" style=\"width: 150px;\" src=\"http:\/\/koskiteatteri.fi\/wp-content\/uploads\/2022\/03\/4-star-b.png\" alt=\"\" srcset=\"http:\/\/koskiteatteri.fi\/wp-content\/uploads\/2022\/03\/4-star-b.png 372w, http:\/\/koskiteatteri.fi\/wp-content\/uploads\/2022\/03\/4-star-b-300x69.png 300w\" sizes=\"auto, (max-width: 150px) 100vw, 150px\" \/>\/5<\/p>\n\n\n\n<pre class=\"wp-block-verse\">Jukka L. Savolainen - smackthejack.net\n<a href=\"http:\/\/www.smackthejack.net\/onnigideon\/49449\" target=\"_blank\" rel=\"noreferrer noopener\">http:\/\/www.smackthejack.net\/onnigideon\/49449<\/a><\/pre>\n<\/blockquote>\n\n\n\n<figure class=\"wp-block-image size-large is-style-default\"><img loading=\"lazy\" decoding=\"async\" width=\"1024\" height=\"422\" src=\"http:\/\/koskiteatteri.fi\/wp-content\/uploads\/2021\/05\/isologo-1-1024x422.png\" alt=\"\" class=\"wp-image-531\" srcset=\"http:\/\/koskiteatteri.fi\/wp-content\/uploads\/2021\/05\/isologo-1-1024x422.png 1024w, http:\/\/koskiteatteri.fi\/wp-content\/uploads\/2021\/05\/isologo-1-300x124.png 300w, http:\/\/koskiteatteri.fi\/wp-content\/uploads\/2021\/05\/isologo-1-768x317.png 768w, http:\/\/koskiteatteri.fi\/wp-content\/uploads\/2021\/05\/isologo-1.png 1181w\" sizes=\"auto, (max-width: 706px) 89vw, (max-width: 767px) 82vw, 740px\" \/><\/figure>\n\n\n\n<p><\/p>\n\n\n\n<p><\/p>\n","protected":false},"excerpt":{"rendered":"<p>TIETOA MEIST\u00c4: Siuron Koski-Teatteri on 2016 perustettu Siurolainen teatteriryhm\u00e4, jonka esitykset erottuvat edukseen. Kes\u00e4 2026 on tapahtumaa t\u00e4ynn\u00e4, sill\u00e4 kes\u00e4kuussa rannan valtaa kokoperheen n\u00e4ytelm\u00e4 Havu ja Neulanen. Hein\u00e4kuussa on taasen aikuisempaan makuun suunnattu J\u00e4niksen vuosi. Tervetuloa! Osoite: Kuljuntie 1, 37200 SIURO koskiteatteri(a)gmail.com N\u00e4ytt\u00e4m\u00f6 sijaitsee Siuron Voimalan takana. Parkkipaikka sijaitsee Voimalan ymp\u00e4rist\u00f6ss\u00e4, vastap\u00e4isen Er\u00e4ketun edess\u00e4 tai &hellip; <\/p>\n<p class=\"link-more\"><a href=\"http:\/\/koskiteatteri.fi\/index.php\/tietoa-meista\/\" class=\"more-link\">Jatka lukemista<span class=\"screen-reader-text\"> &#8221;TIETOA MEIST\u00c4 JA SAAVUTETTAVUUS&#8221;<\/span><\/a><\/p>\n","protected":false},"author":2,"featured_media":0,"parent":0,"menu_order":0,"comment_status":"closed","ping_status":"closed","template":"","meta":{"footnotes":""},"class_list":["post-94","page","type-page","status-publish","hentry"],"_links":{"self":[{"href":"http:\/\/koskiteatteri.fi\/index.php\/wp-json\/wp\/v2\/pages\/94","targetHints":{"allow":["GET"]}}],"collection":[{"href":"http:\/\/koskiteatteri.fi\/index.php\/wp-json\/wp\/v2\/pages"}],"about":[{"href":"http:\/\/koskiteatteri.fi\/index.php\/wp-json\/wp\/v2\/types\/page"}],"author":[{"embeddable":true,"href":"http:\/\/koskiteatteri.fi\/index.php\/wp-json\/wp\/v2\/users\/2"}],"replies":[{"embeddable":true,"href":"http:\/\/koskiteatteri.fi\/index.php\/wp-json\/wp\/v2\/comments?post=94"}],"version-history":[{"count":22,"href":"http:\/\/koskiteatteri.fi\/index.php\/wp-json\/wp\/v2\/pages\/94\/revisions"}],"predecessor-version":[{"id":810,"href":"http:\/\/koskiteatteri.fi\/index.php\/wp-json\/wp\/v2\/pages\/94\/revisions\/810"}],"wp:attachment":[{"href":"http:\/\/koskiteatteri.fi\/index.php\/wp-json\/wp\/v2\/media?parent=94"}],"curies":[{"name":"wp","href":"https:\/\/api.w.org\/{rel}","templated":true}]}}