{"id":849,"date":"2026-03-26T20:45:11","date_gmt":"2026-03-26T18:45:11","guid":{"rendered":"http:\/\/koskiteatteri.fi\/?page_id=849"},"modified":"2026-05-08T21:55:46","modified_gmt":"2026-05-08T18:55:46","slug":"janiksen-vuosi","status":"publish","type":"page","link":"http:\/\/koskiteatteri.fi\/index.php\/janiksen-vuosi\/","title":{"rendered":"J\u00c4NIKSEN VUOSI"},"content":{"rendered":"\n<div class=\"wp-block-media-text is-stacked-on-mobile\"><figure class=\"wp-block-media-text__media\"><a href=\"http:\/\/koskiteatteri.fi\/wp-content\/uploads\/2026\/04\/facebook-jv-paasiaispostaus.jpg\"><img loading=\"lazy\" decoding=\"async\" width=\"819\" height=\"1024\" src=\"http:\/\/koskiteatteri.fi\/wp-content\/uploads\/2026\/04\/facebook-jv-paasiaispostaus-819x1024.jpg\" alt=\"\" class=\"wp-image-875 size-full\" srcset=\"http:\/\/koskiteatteri.fi\/wp-content\/uploads\/2026\/04\/facebook-jv-paasiaispostaus-819x1024.jpg 819w, http:\/\/koskiteatteri.fi\/wp-content\/uploads\/2026\/04\/facebook-jv-paasiaispostaus-240x300.jpg 240w, http:\/\/koskiteatteri.fi\/wp-content\/uploads\/2026\/04\/facebook-jv-paasiaispostaus-768x960.jpg 768w, http:\/\/koskiteatteri.fi\/wp-content\/uploads\/2026\/04\/facebook-jv-paasiaispostaus.jpg 1080w\" sizes=\"auto, (max-width: 706px) 89vw, (max-width: 767px) 82vw, 740px\" \/><\/a><\/figure><div class=\"wp-block-media-text__content\">\n<p>J\u00e4niksen vuosi kutsuu teid\u00e4t matkalle pois oravanpy\u00f6r\u00e4st\u00e4 J\u00e4niksen ja Vatasen luotsaamana. Arto Paasilinnan romaaniin pohjautuva taatusti hersyv\u00e4 n\u00e4ytelm\u00e4 pureutuu nykyaikaan ja nauruhermoihin jo tunnetulla Siuron Koski-Teatterin  otteella. N\u00e4ytelm\u00e4 on kansankomediallinen ja v\u00e4lill\u00e4 jopa karnevalistinen irtiotto, jossa pohditaan isojakin kysymyksi\u00e4 heikomman puolella olemisesta, yhteiskunnasta, luontosuhteesta ja ihmisyydest\u00e4. N\u00e4ytelm\u00e4n dramatisoinnin on tehnyt Aapo Stav\u00e9n ja sen ohjaa siurolainen Ky\u00f6sti Kallio.<\/p>\n<\/div><\/div>\n\n\n\n<p>Klikkaa kuvaa isommaksi.<\/p>\n\n\n\n<h2 class=\"wp-block-heading\">Esitykset: <\/h2>\n\n\n\n<figure class=\"wp-block-table\"><table class=\"has-fixed-layout\"><tbody><tr><td>perjantai 3.7.<\/td><td>klo 18.00<\/td><td>Ensi-ilta<\/td><\/tr><tr><td>sunnuntai 5.7.<\/td><td>klo 18.00<\/td><td><\/td><\/tr><tr><td>torstai 9.7.<\/td><td>klo 18.00<\/td><td><\/td><\/tr><tr><td>lauantai 11.7<\/td><td>klo 14.00<\/td><td>P\u00e4iv\u00e4n\u00e4yt\u00f6s<\/td><\/tr><tr><td>torstai 16.7.<\/td><td>klo 18.00<\/td><td><\/td><\/tr><tr><td>perjantai 17.7.<\/td><td>klo 18.00<\/td><td><\/td><\/tr><tr><td>sunnuntai 26.7.<\/td><td>klo 14.00<\/td><td>P\u00e4iv\u00e4n\u00e4yt\u00f6s<\/td><\/tr><tr><td>tiistai 28.7.<\/td><td>klo 18.00<\/td><td><\/td><\/tr><tr><td>perjantai 31.7.<\/td><td>klo 18.00<\/td><td><\/td><\/tr><tr><td>lauantai 1.8.<\/td><td>klo 14.00<\/td><td>P\u00e4iv\u00e4n\u00e4yt\u00f6s<\/td><\/tr><tr><td>perjantai 7.8.<\/td><td>klo 18.00<\/td><td><\/td><\/tr><tr><td>lauantai 8.8.<\/td><td>klo 21.00<\/td><td>Valaistu iltan\u00e4yt\u00f6s<\/td><\/tr><\/tbody><\/table><\/figure>\n\n\n\n<h2 class=\"wp-block-heading\">Liput<\/h2>\n\n\n\n<p><strong>22\u20ac \/ peruslippu<\/strong>,  <\/p>\n\n\n\n<p><strong>20 \u20ac \/ ET-lippu <\/strong>(ty\u00f6t\u00f6n, el\u00e4kel\u00e4inen, opiskelija yli 16v.) <\/p>\n\n\n\n<p><strong>17\u20ac \/ lastenlippu <\/strong><\/p>\n\n\n\n<p>Ryhm\u00e4t yli 10 henke\u00e4, 16\u20ac\/henkil\u00f6. Pyyd\u00e4mme ottamaan yhteytt\u00e4 s\u00e4hk\u00f6postiimme <em><strong>koskiteatteri@gmail.com<\/strong><\/em><\/p>\n\n\n\n<p><a href=\"https:\/\/liput.koskiteatteri.fi\">Hanki nyt lippusi! https:\/\/liput.koskiteatteri.fi<\/a><\/p>\n\n\n\n<h2 class=\"wp-block-heading\">Ty\u00f6ryhm\u00e4<\/h2>\n\n\n\n<figure class=\"wp-block-image size-large\"><img loading=\"lazy\" decoding=\"async\" width=\"807\" height=\"1024\" src=\"http:\/\/koskiteatteri.fi\/wp-content\/uploads\/2026\/03\/LISTAT-JANIKSEN-VUOSI-2-807x1024.png\" alt=\"\" class=\"wp-image-868\" srcset=\"http:\/\/koskiteatteri.fi\/wp-content\/uploads\/2026\/03\/LISTAT-JANIKSEN-VUOSI-2-807x1024.png 807w, http:\/\/koskiteatteri.fi\/wp-content\/uploads\/2026\/03\/LISTAT-JANIKSEN-VUOSI-2-237x300.png 237w, http:\/\/koskiteatteri.fi\/wp-content\/uploads\/2026\/03\/LISTAT-JANIKSEN-VUOSI-2-768x974.png 768w, http:\/\/koskiteatteri.fi\/wp-content\/uploads\/2026\/03\/LISTAT-JANIKSEN-VUOSI-2-1211x1536.png 1211w, http:\/\/koskiteatteri.fi\/wp-content\/uploads\/2026\/03\/LISTAT-JANIKSEN-VUOSI-2-1615x2048.png 1615w, http:\/\/koskiteatteri.fi\/wp-content\/uploads\/2026\/03\/LISTAT-JANIKSEN-VUOSI-2.png 1889w\" sizes=\"auto, (max-width: 706px) 89vw, (max-width: 767px) 82vw, 740px\" \/><\/figure>\n","protected":false},"excerpt":{"rendered":"<p>J\u00e4niksen vuosi kutsuu teid\u00e4t matkalle pois oravanpy\u00f6r\u00e4st\u00e4 J\u00e4niksen ja Vatasen luotsaamana. Arto Paasilinnan romaaniin pohjautuva taatusti hersyv\u00e4 n\u00e4ytelm\u00e4 pureutuu nykyaikaan ja nauruhermoihin jo tunnetulla Siuron Koski-Teatterin otteella. N\u00e4ytelm\u00e4 on kansankomediallinen ja v\u00e4lill\u00e4 jopa karnevalistinen irtiotto, jossa pohditaan isojakin kysymyksi\u00e4 heikomman puolella olemisesta, yhteiskunnasta, luontosuhteesta ja ihmisyydest\u00e4. N\u00e4ytelm\u00e4n dramatisoinnin on tehnyt Aapo Stav\u00e9n ja sen ohjaa &hellip; <\/p>\n<p class=\"link-more\"><a href=\"http:\/\/koskiteatteri.fi\/index.php\/janiksen-vuosi\/\" class=\"more-link\">Jatka lukemista<span class=\"screen-reader-text\"> &#8221;J\u00c4NIKSEN VUOSI&#8221;<\/span><\/a><\/p>\n","protected":false},"author":2,"featured_media":0,"parent":0,"menu_order":0,"comment_status":"closed","ping_status":"closed","template":"","meta":{"footnotes":""},"class_list":["post-849","page","type-page","status-publish","hentry"],"_links":{"self":[{"href":"http:\/\/koskiteatteri.fi\/index.php\/wp-json\/wp\/v2\/pages\/849","targetHints":{"allow":["GET"]}}],"collection":[{"href":"http:\/\/koskiteatteri.fi\/index.php\/wp-json\/wp\/v2\/pages"}],"about":[{"href":"http:\/\/koskiteatteri.fi\/index.php\/wp-json\/wp\/v2\/types\/page"}],"author":[{"embeddable":true,"href":"http:\/\/koskiteatteri.fi\/index.php\/wp-json\/wp\/v2\/users\/2"}],"replies":[{"embeddable":true,"href":"http:\/\/koskiteatteri.fi\/index.php\/wp-json\/wp\/v2\/comments?post=849"}],"version-history":[{"count":8,"href":"http:\/\/koskiteatteri.fi\/index.php\/wp-json\/wp\/v2\/pages\/849\/revisions"}],"predecessor-version":[{"id":901,"href":"http:\/\/koskiteatteri.fi\/index.php\/wp-json\/wp\/v2\/pages\/849\/revisions\/901"}],"wp:attachment":[{"href":"http:\/\/koskiteatteri.fi\/index.php\/wp-json\/wp\/v2\/media?parent=849"}],"curies":[{"name":"wp","href":"https:\/\/api.w.org\/{rel}","templated":true}]}}