{"id":844,"date":"2026-03-26T20:23:53","date_gmt":"2026-03-26T18:23:53","guid":{"rendered":"http:\/\/koskiteatteri.fi\/?page_id=844"},"modified":"2026-05-08T21:56:09","modified_gmt":"2026-05-08T18:56:09","slug":"havu-ja-neulanen","status":"publish","type":"page","link":"http:\/\/koskiteatteri.fi\/index.php\/havu-ja-neulanen\/","title":{"rendered":"HAVU JA NEULANEN"},"content":{"rendered":"\n<div class=\"wp-block-media-text is-stacked-on-mobile\"><figure class=\"wp-block-media-text__media\"><img loading=\"lazy\" decoding=\"async\" width=\"724\" height=\"1024\" src=\"http:\/\/koskiteatteri.fi\/wp-content\/uploads\/2026\/04\/Havu-ja-Neulanen-pn2-724x1024.jpg\" alt=\"\" class=\"wp-image-878 size-full\" srcset=\"http:\/\/koskiteatteri.fi\/wp-content\/uploads\/2026\/04\/Havu-ja-Neulanen-pn2-724x1024.jpg 724w, http:\/\/koskiteatteri.fi\/wp-content\/uploads\/2026\/04\/Havu-ja-Neulanen-pn2-212x300.jpg 212w, http:\/\/koskiteatteri.fi\/wp-content\/uploads\/2026\/04\/Havu-ja-Neulanen-pn2-768x1087.jpg 768w, http:\/\/koskiteatteri.fi\/wp-content\/uploads\/2026\/04\/Havu-ja-Neulanen-pn2.jpg 1080w\" sizes=\"auto, (max-width: 724px) 100vw, 724px\" \/><\/figure><div class=\"wp-block-media-text__content\">\n<p>Havu ja Neulanen, koko perheen n\u00e4ytelm\u00e4, on havunneulasten verran pistelev\u00e4 ja hauska tarina erilaisista yst\u00e4vyksist\u00e4, jotka kaipaavat samoja asioita: huomatuksi tulemista, rohkeutta omana itsen\u00e4 olemiseen ja v\u00e4\u00e4ryyksiin puuttumiseen.Lis\u00e4ksi se on tarina katoamisista; p\u00e4\u00e4henkil\u00f6 Havun katoamisesta mets\u00e4npeittoon sek\u00e4 nykyajan \u201dhenkisen katoamisen\u201d helppoudesta.<\/p>\n<\/div><\/div>\n\n\n\n<h2 class=\"wp-block-heading\">Esitykset: <\/h2>\n\n\n\n<figure class=\"wp-block-table\"><table class=\"has-fixed-layout\"><tbody><tr><td>sunnuntai 31.5.<\/td><td>klo 14.00<\/td><td>Ensi-ilta<\/td><\/tr><tr><td>torstai 4.6.<\/td><td>klo 18.00<\/td><td><\/td><\/tr><tr><td>lauantai 6.6.<\/td><td>klo 14.00<\/td><td>P\u00e4iv\u00e4n\u00e4yt\u00f6s<\/td><\/tr><tr><td>sunnuntai 7.6.<\/td><td>klo 14.00<\/td><td>P\u00e4iv\u00e4n\u00e4yt\u00f6s<\/td><\/tr><tr><td>tiistai 9.6.<\/td><td>klo 18.00<\/td><td><\/td><\/tr><tr><td>perjantai 12.6.<\/td><td>klo 18.00<\/td><td><\/td><\/tr><tr><td>sunnuntai 14.6.<\/td><td>klo 14.00<\/td><td><\/td><\/tr><tr><td>tiistai 16.6.<\/td><td>klo 18.00<\/td><td><\/td><\/tr><tr><td>torstai 18.6.<\/td><td>klo 18.00<\/td><td><\/td><\/tr><\/tbody><\/table><\/figure>\n\n\n\n<h2 class=\"wp-block-heading\">Liput<\/h2>\n\n\n\n<p><strong>17\u20ac \/ peruslippu<\/strong>,  <strong>15\u20ac \/ lastenlippu <\/strong><\/p>\n\n\n\n<p><strong>40\u20ac \/ perhelippu 1 <\/strong>(yksi aikuinen + kaksi lasta) , <strong>45\u20ac \/ perhelippu 2<\/strong> (kaksi aikuista + yksi lapsi), <strong>50\u20ac \/ perhelippu 3 <\/strong>(kaksi aikuista + kaksi lasta)<\/p>\n\n\n\n<p>Ryhm\u00e4t yli 10 henke\u00e4, 12\u20ac\/henkil\u00f6. Pyyd\u00e4mme ottamaan yhteytt\u00e4 s\u00e4hk\u00f6postiimme <em><strong>koskiteatteri@gmail.com<\/strong><\/em><\/p>\n\n\n\n<p><a href=\"https:\/\/liput.koskiteatteri.fi\">Hanki nyt lippusi! https:\/\/liput.koskiteatteri.fi<\/a><\/p>\n\n\n\n<h2 class=\"wp-block-heading\">Ty\u00f6ryhm\u00e4<\/h2>\n\n\n\n<figure class=\"wp-block-image size-large\"><img loading=\"lazy\" decoding=\"async\" width=\"807\" height=\"1024\" src=\"http:\/\/koskiteatteri.fi\/wp-content\/uploads\/2026\/03\/LISTAT-HAVU-JA-NEULANEN-1-807x1024.png\" alt=\"\" class=\"wp-image-864\" srcset=\"http:\/\/koskiteatteri.fi\/wp-content\/uploads\/2026\/03\/LISTAT-HAVU-JA-NEULANEN-1-807x1024.png 807w, http:\/\/koskiteatteri.fi\/wp-content\/uploads\/2026\/03\/LISTAT-HAVU-JA-NEULANEN-1-237x300.png 237w, http:\/\/koskiteatteri.fi\/wp-content\/uploads\/2026\/03\/LISTAT-HAVU-JA-NEULANEN-1-768x974.png 768w, http:\/\/koskiteatteri.fi\/wp-content\/uploads\/2026\/03\/LISTAT-HAVU-JA-NEULANEN-1-1211x1536.png 1211w, http:\/\/koskiteatteri.fi\/wp-content\/uploads\/2026\/03\/LISTAT-HAVU-JA-NEULANEN-1-1615x2048.png 1615w, http:\/\/koskiteatteri.fi\/wp-content\/uploads\/2026\/03\/LISTAT-HAVU-JA-NEULANEN-1.png 1889w\" sizes=\"auto, (max-width: 706px) 89vw, (max-width: 767px) 82vw, 740px\" \/><\/figure>\n\n\n\n<p><\/p>\n","protected":false},"excerpt":{"rendered":"<p>Havu ja Neulanen, koko perheen n\u00e4ytelm\u00e4, on havunneulasten verran pistelev\u00e4 ja hauska tarina erilaisista yst\u00e4vyksist\u00e4, jotka kaipaavat samoja asioita: huomatuksi tulemista, rohkeutta omana itsen\u00e4 olemiseen ja v\u00e4\u00e4ryyksiin puuttumiseen.Lis\u00e4ksi se on tarina katoamisista; p\u00e4\u00e4henkil\u00f6 Havun katoamisesta mets\u00e4npeittoon sek\u00e4 nykyajan \u201dhenkisen katoamisen\u201d helppoudesta. Esitykset: sunnuntai 31.5. klo 14.00 Ensi-ilta torstai 4.6. klo 18.00 lauantai 6.6. klo 14.00 &hellip; <\/p>\n<p class=\"link-more\"><a href=\"http:\/\/koskiteatteri.fi\/index.php\/havu-ja-neulanen\/\" class=\"more-link\">Jatka lukemista<span class=\"screen-reader-text\"> &#8221;HAVU JA NEULANEN&#8221;<\/span><\/a><\/p>\n","protected":false},"author":2,"featured_media":0,"parent":0,"menu_order":0,"comment_status":"closed","ping_status":"closed","template":"","meta":{"footnotes":""},"class_list":["post-844","page","type-page","status-publish","hentry"],"_links":{"self":[{"href":"http:\/\/koskiteatteri.fi\/index.php\/wp-json\/wp\/v2\/pages\/844","targetHints":{"allow":["GET"]}}],"collection":[{"href":"http:\/\/koskiteatteri.fi\/index.php\/wp-json\/wp\/v2\/pages"}],"about":[{"href":"http:\/\/koskiteatteri.fi\/index.php\/wp-json\/wp\/v2\/types\/page"}],"author":[{"embeddable":true,"href":"http:\/\/koskiteatteri.fi\/index.php\/wp-json\/wp\/v2\/users\/2"}],"replies":[{"embeddable":true,"href":"http:\/\/koskiteatteri.fi\/index.php\/wp-json\/wp\/v2\/comments?post=844"}],"version-history":[{"count":9,"href":"http:\/\/koskiteatteri.fi\/index.php\/wp-json\/wp\/v2\/pages\/844\/revisions"}],"predecessor-version":[{"id":902,"href":"http:\/\/koskiteatteri.fi\/index.php\/wp-json\/wp\/v2\/pages\/844\/revisions\/902"}],"wp:attachment":[{"href":"http:\/\/koskiteatteri.fi\/index.php\/wp-json\/wp\/v2\/media?parent=844"}],"curies":[{"name":"wp","href":"https:\/\/api.w.org\/{rel}","templated":true}]}}