{"id":577,"date":"2022-03-08T16:01:34","date_gmt":"2022-03-08T14:01:34","guid":{"rendered":"http:\/\/koskiteatteri.fi\/?page_id=577"},"modified":"2026-04-13T21:34:54","modified_gmt":"2026-04-13T18:34:54","slug":"kesan-2022-naytelmat","status":"publish","type":"page","link":"http:\/\/koskiteatteri.fi\/index.php\/kesan-2022-naytelmat\/","title":{"rendered":"KES\u00c4N 2026 N\u00c4YTELM\u00c4T"},"content":{"rendered":"\n<figure class=\"wp-block-image size-full\"><img loading=\"lazy\" decoding=\"async\" width=\"1319\" height=\"500\" src=\"http:\/\/koskiteatteri.fi\/wp-content\/uploads\/2026\/03\/placeholder-otsake2.png\" alt=\"\" class=\"wp-image-854\" srcset=\"http:\/\/koskiteatteri.fi\/wp-content\/uploads\/2026\/03\/placeholder-otsake2.png 1319w, http:\/\/koskiteatteri.fi\/wp-content\/uploads\/2026\/03\/placeholder-otsake2-300x114.png 300w, http:\/\/koskiteatteri.fi\/wp-content\/uploads\/2026\/03\/placeholder-otsake2-1024x388.png 1024w, http:\/\/koskiteatteri.fi\/wp-content\/uploads\/2026\/03\/placeholder-otsake2-768x291.png 768w\" sizes=\"auto, (max-width: 706px) 89vw, (max-width: 767px) 82vw, 740px\" \/><\/figure>\n\n\n\n<p>Kes\u00e4ll\u00e4 2026 Siuron Koski-Teatterin Kolimo-lavalla on n\u00e4ytelmi\u00e4 kaksin kappalein. Kes\u00e4kuussa lavan valtaa koko perheen n\u00e4ytelm\u00e4: <strong>&#8221;Havu ja Neulanen&#8221;<\/strong>. Hein\u00e4kuussa taas ensi-iltansa saa <strong>&#8221;J\u00e4niksen vuosi&#8221;<\/strong><\/p>\n\n\n\n<div class=\"wp-block-media-text is-stacked-on-mobile\"><figure class=\"wp-block-media-text__media\"><img loading=\"lazy\" decoding=\"async\" width=\"1024\" height=\"565\" src=\"http:\/\/koskiteatteri.fi\/wp-content\/uploads\/2026\/03\/Havu-ja-Neulanen_logo20_leppis_vihrea\u03081-1024x565.jpg\" alt=\"\" class=\"wp-image-845 size-full\" srcset=\"http:\/\/koskiteatteri.fi\/wp-content\/uploads\/2026\/03\/Havu-ja-Neulanen_logo20_leppis_vihrea\u03081-1024x565.jpg 1024w, http:\/\/koskiteatteri.fi\/wp-content\/uploads\/2026\/03\/Havu-ja-Neulanen_logo20_leppis_vihrea\u03081-300x166.jpg 300w, http:\/\/koskiteatteri.fi\/wp-content\/uploads\/2026\/03\/Havu-ja-Neulanen_logo20_leppis_vihrea\u03081-768x424.jpg 768w, http:\/\/koskiteatteri.fi\/wp-content\/uploads\/2026\/03\/Havu-ja-Neulanen_logo20_leppis_vihrea\u03081.jpg 1448w\" sizes=\"auto, (max-width: 706px) 89vw, (max-width: 767px) 82vw, 740px\" \/><\/figure><div class=\"wp-block-media-text__content\">\n<p><strong>Havu ja Neulanen \u2013 kadonneet lapset <\/strong>-koko perheen n\u00e4ytelm\u00e4 kertoo havunneulasten verran pistelev\u00e4n tarinan katoamisista sek\u00e4 nykyajan \u201dhenkisen katoamisen\u201d helppoudesta.<\/p>\n\n\n\n<p>N\u00e4ytelm\u00e4 on hauska tarina erilaisista tuoreista yst\u00e4vyksist\u00e4, jotka kaipaavat samoja asioita: huomatuksi tulemista, rohkeutta omaan olemiseen ja v\u00e4\u00e4ryyksiin puuttumiseen, toisten aitoa l\u00e4sn\u00e4oloa, leikki\u00e4 ja muitakin aitoja juttuja.<\/p>\n\n\n\n<p>Tarina yhdist\u00e4\u00e4 fantasian ja realismin keinoin suomalaista kansanperinnett\u00e4 ja nykyaikaa.<\/p>\n\n\n\n<p><a href=\"http:\/\/koskiteatteri.fi\/index.php\/havu-ja-neulanen\/\" data-type=\"page\" data-id=\"844\">LUE LIS\u00c4\u00c4 N\u00c4YTELM\u00c4ST\u00c4<\/a><\/p>\n<\/div><\/div>\n\n\n\n<div class=\"wp-block-media-text has-media-on-the-right is-stacked-on-mobile\"><div class=\"wp-block-media-text__content\">\n<p><strong>J\u00e4niksen vuosi <\/strong>kutsuu teid\u00e4t matkalle pois oravanpy\u00f6r\u00e4st\u00e4. Arto Paasilinnan romaaniin pohjautuva taatusti hersyv\u00e4 n\u00e4ytelm\u00e4 pureutuu nykyaikaan ja nauruhermoihin Siuron Koski-Teatterin napakalla otteella. N\u00e4ytelm\u00e4 on kansankomediallinen ja v\u00e4lill\u00e4 jopa karnevalistinen irtiotto, jossa pohditaan isojakin kysymyksi\u00e4 heikomman puolella olemisesta, yhteiskunnasta, luontosuhteesta ja ihmisyydest\u00e4. <\/p>\n\n\n\n<p><a href=\"http:\/\/koskiteatteri.fi\/index.php\/janiksen-vuosi\/\" data-type=\"page\" data-id=\"849\">LUE LIS\u00c4\u00c4 N\u00c4YTELM\u00c4ST\u00c4<\/a><\/p>\n<\/div><figure class=\"wp-block-media-text__media\"><img loading=\"lazy\" decoding=\"async\" width=\"479\" height=\"388\" src=\"http:\/\/koskiteatteri.fi\/wp-content\/uploads\/2026\/03\/janiksenvuosi-placeholder.png\" alt=\"\" class=\"wp-image-801 size-full\" srcset=\"http:\/\/koskiteatteri.fi\/wp-content\/uploads\/2026\/03\/janiksenvuosi-placeholder.png 479w, http:\/\/koskiteatteri.fi\/wp-content\/uploads\/2026\/03\/janiksenvuosi-placeholder-300x243.png 300w\" sizes=\"auto, (max-width: 479px) 100vw, 479px\" \/><\/figure><\/div>\n\n\n\n<p><strong>Liput molempiin n\u00e4ytelmiin tulevat myyntiin p\u00e4\u00e4si\u00e4isen\u00e4! Tervetuloa<\/strong><\/p>\n\n\n\n<div class=\"wp-block-columns is-layout-flex wp-container-core-columns-is-layout-9d6595d7 wp-block-columns-is-layout-flex\">\n<div class=\"wp-block-column is-layout-flow wp-block-column-is-layout-flow\">\n<pre class=\"wp-block-preformatted\"><strong>HAVU JA NEULANEN<\/strong><br>su 31.5. klo 14.00 Ensi-ilta<br>to 4.6.\t klo 18.00<br>la 6.6.\t klo 14.00 P\u00e4iv\u00e4n\u00e4yt\u00f6s<br>su 7.6.\t klo 14.00 P\u00e4iv\u00e4n\u00e4yt\u00f6s<br>ti 9.6.\t klo 18.00<br>pe 12.6. klo 18.00<br>su 14.6. klo 14.00 P\u00e4iv\u00e4n\u00e4yt\u00f6s<br>ti 16.6. klo 18.00<br>pe 19.6. klo 18.00<br><br><br><\/pre>\n<\/div>\n\n\n\n<div class=\"wp-block-column is-layout-flow wp-block-column-is-layout-flow\">\n<pre class=\"wp-block-preformatted\"><strong>J\u00c4NIKSEN VUOSI<\/strong><br>pe 3.7.\tklo 18.00 Ensi-ilta<br>su 5.7.\tklo 18.00<br>to 9.7.\tklo 18.00<br>la 11.7.klo 14.00 P\u00e4iv\u00e4n\u00e4yt\u00f6s<br>to 16.7. klo 18.00<br>pe 17.7. klo 18.00<br>su 26.7. klo 14.00 P\u00e4iv\u00e4n\u00e4yt\u00f6s<br>ti 28.7. klo 18.00<br>pe 31.7. klo 18.00<br>la 1.8.\t klo 14.00 P\u00e4iv\u00e4n\u00e4yt\u00f6s<br>pe 7.8.\t klo 18.00<br>la 8.8.\t klo 21.00 Iltan\u00e4yt\u00f6s<\/pre>\n<\/div>\n<\/div>\n\n\n\n<p><\/p>\n","protected":false},"excerpt":{"rendered":"<p>Kes\u00e4ll\u00e4 2026 Siuron Koski-Teatterin Kolimo-lavalla on n\u00e4ytelmi\u00e4 kaksin kappalein. Kes\u00e4kuussa lavan valtaa koko perheen n\u00e4ytelm\u00e4: &#8221;Havu ja Neulanen&#8221;. Hein\u00e4kuussa taas ensi-iltansa saa &#8221;J\u00e4niksen vuosi&#8221; Havu ja Neulanen \u2013 kadonneet lapset -koko perheen n\u00e4ytelm\u00e4 kertoo havunneulasten verran pistelev\u00e4n tarinan katoamisista sek\u00e4 nykyajan \u201dhenkisen katoamisen\u201d helppoudesta. N\u00e4ytelm\u00e4 on hauska tarina erilaisista tuoreista yst\u00e4vyksist\u00e4, jotka kaipaavat samoja asioita: &hellip; <\/p>\n<p class=\"link-more\"><a href=\"http:\/\/koskiteatteri.fi\/index.php\/kesan-2022-naytelmat\/\" class=\"more-link\">Jatka lukemista<span class=\"screen-reader-text\"> &#8221;KES\u00c4N 2026 N\u00c4YTELM\u00c4T&#8221;<\/span><\/a><\/p>\n","protected":false},"author":2,"featured_media":0,"parent":0,"menu_order":0,"comment_status":"closed","ping_status":"closed","template":"","meta":{"footnotes":""},"class_list":["post-577","page","type-page","status-publish","hentry"],"_links":{"self":[{"href":"http:\/\/koskiteatteri.fi\/index.php\/wp-json\/wp\/v2\/pages\/577","targetHints":{"allow":["GET"]}}],"collection":[{"href":"http:\/\/koskiteatteri.fi\/index.php\/wp-json\/wp\/v2\/pages"}],"about":[{"href":"http:\/\/koskiteatteri.fi\/index.php\/wp-json\/wp\/v2\/types\/page"}],"author":[{"embeddable":true,"href":"http:\/\/koskiteatteri.fi\/index.php\/wp-json\/wp\/v2\/users\/2"}],"replies":[{"embeddable":true,"href":"http:\/\/koskiteatteri.fi\/index.php\/wp-json\/wp\/v2\/comments?post=577"}],"version-history":[{"count":28,"href":"http:\/\/koskiteatteri.fi\/index.php\/wp-json\/wp\/v2\/pages\/577\/revisions"}],"predecessor-version":[{"id":894,"href":"http:\/\/koskiteatteri.fi\/index.php\/wp-json\/wp\/v2\/pages\/577\/revisions\/894"}],"wp:attachment":[{"href":"http:\/\/koskiteatteri.fi\/index.php\/wp-json\/wp\/v2\/media?parent=577"}],"curies":[{"name":"wp","href":"https:\/\/api.w.org\/{rel}","templated":true}]}}