{"id":495,"date":"2019-12-20T10:51:23","date_gmt":"2019-12-20T08:51:23","guid":{"rendered":"http:\/\/koskiteatteri.fi\/?page_id=495"},"modified":"2026-04-06T01:03:38","modified_gmt":"2026-04-05T22:03:38","slug":"varaa-lippusi","status":"publish","type":"page","link":"http:\/\/koskiteatteri.fi\/index.php\/varaa-lippusi\/","title":{"rendered":"HANKI LIPPUSI"},"content":{"rendered":"\n<p>Hanki lippusi ensi kes\u00e4n hulvattomiin n\u00e4ytelmiin pian!<\/p>\n\n\n\n<!--<script type=\"text\/javascript\" src=\"https:\/\/form.jotform.com\/jsform\/193531262222348\"><\/script>-->\n\n\n\n<p>Liput tulevat myyntiin viimeist\u00e4\u00e4n huhtikuussa 2026.<\/p>\n\n\n\n<p><strong>Lis\u00e4tietoa ja ryhm\u00e4myynnit <\/strong>onnistuvat osoitteesta: koskiteatteri@gmail.com<\/p>\n\n\n\n<p><\/p>\n","protected":false},"excerpt":{"rendered":"<p>Hanki lippusi ensi kes\u00e4n hulvattomiin n\u00e4ytelmiin pian! Liput tulevat myyntiin viimeist\u00e4\u00e4n huhtikuussa 2026. Lis\u00e4tietoa ja ryhm\u00e4myynnit onnistuvat osoitteesta: koskiteatteri@gmail.com<\/p>\n","protected":false},"author":2,"featured_media":0,"parent":0,"menu_order":0,"comment_status":"closed","ping_status":"closed","template":"","meta":{"footnotes":""},"class_list":["post-495","page","type-page","status-publish","hentry"],"_links":{"self":[{"href":"http:\/\/koskiteatteri.fi\/index.php\/wp-json\/wp\/v2\/pages\/495","targetHints":{"allow":["GET"]}}],"collection":[{"href":"http:\/\/koskiteatteri.fi\/index.php\/wp-json\/wp\/v2\/pages"}],"about":[{"href":"http:\/\/koskiteatteri.fi\/index.php\/wp-json\/wp\/v2\/types\/page"}],"author":[{"embeddable":true,"href":"http:\/\/koskiteatteri.fi\/index.php\/wp-json\/wp\/v2\/users\/2"}],"replies":[{"embeddable":true,"href":"http:\/\/koskiteatteri.fi\/index.php\/wp-json\/wp\/v2\/comments?post=495"}],"version-history":[{"count":17,"href":"http:\/\/koskiteatteri.fi\/index.php\/wp-json\/wp\/v2\/pages\/495\/revisions"}],"predecessor-version":[{"id":891,"href":"http:\/\/koskiteatteri.fi\/index.php\/wp-json\/wp\/v2\/pages\/495\/revisions\/891"}],"wp:attachment":[{"href":"http:\/\/koskiteatteri.fi\/index.php\/wp-json\/wp\/v2\/media?parent=495"}],"curies":[{"name":"wp","href":"https:\/\/api.w.org\/{rel}","templated":true}]}}